{"id":21,"date":"2018-01-27T11:24:49","date_gmt":"2018-01-27T10:24:49","guid":{"rendered":"http:\/\/niedtal.de\/wp\/?page_id=21"},"modified":"2025-10-15T18:33:27","modified_gmt":"2025-10-15T16:33:27","slug":"home","status":"publish","type":"page","link":"https:\/\/niedtal.de\/wp\/","title":{"rendered":"Home"},"content":{"rendered":"<h2 class=\"western\"><span style=\"font-family: georgia, palatino, serif;\">Willkommen!<\/span><\/h2>\r\n<p style=\"text-align: justify;\"><span style=\"font-family: georgia, palatino, serif;\">Sch\u00f6n, dass Sie auf meiner Seite gelandet sind. Hier dreht sich alles um zwei gro\u00dfe Leidenschaften: das Fotografieren rund um meinen Heimatort Hemmersdorf und das Radiohobby.<\/span><\/p>\r\n<figure id=\"attachment_1215\" aria-describedby=\"caption-attachment-1215\" style=\"width: 600px\" class=\"wp-caption alignnone\"><img loading=\"lazy\" decoding=\"async\" class=\"wp-image-1215 size-full\" src=\"http:\/\/niedtal.de\/wp\/wp-content\/uploads\/2018\/03\/ueber_den_daechern_01.jpg\" alt=\"\" width=\"600\" height=\"315\" srcset=\"https:\/\/niedtal.de\/wp\/wp-content\/uploads\/2018\/03\/ueber_den_daechern_01.jpg 600w, https:\/\/niedtal.de\/wp\/wp-content\/uploads\/2018\/03\/ueber_den_daechern_01-300x158.jpg 300w, https:\/\/niedtal.de\/wp\/wp-content\/uploads\/2018\/03\/ueber_den_daechern_01-150x79.jpg 150w\" sizes=\"auto, (max-width: 600px) 100vw, 600px\" \/><figcaption id=\"caption-attachment-1215\" class=\"wp-caption-text\"><span style=\"font-family: georgia, palatino, serif;\">Blick \u00fcber einen Teil von Gro\u00dfhemmersdorf Richtung Grafenthal<\/span><\/figcaption><\/figure>\r\n<p>&nbsp;<\/p>\r\n<p><span style=\"font-family: georgia, palatino, serif;\">Die wichtigsten Bereiche im \u00dcberblick:<\/span><\/p>\r\n<h3 class=\"western\"><span style=\"font-family: georgia, palatino, serif;\"><strong>Fotoalben aus Hemmersdorf<\/strong><\/span><\/h3>\r\n<p style=\"text-align: justify;\"><span style=\"font-family: georgia, palatino, serif;\">Entdecken Sie Fotoalben aus meinem Heimatort <span id=\"wiki-tooltip-1\" data-tooltip-content=\"#wiki-tooltip-box-1\" data-wiki_num=\"1\" data-wiki_id=\"1575124\" data-wiki_title=\"Hemmersdorf\" data-wiki_section=\"\" data-wiki_base_url=\"https:\/\/de.wikipedia.org\/w\/api.php\" data-wiki_url=\"https:\/\/de.wikipedia.org\/wiki\/Hemmersdorf\" data-wiki_thumbnail=\"default\" data-wiki_nonce=\"3af296f496\"><a class=\"wiki-tooltip\" href=\"https:\/\/de.wikipedia.org\/wiki\/Hemmersdorf\" target=\"_blank\" rel=\"noopener noreferrer\" onclick=\"return isClickEnabled( 'hover', 'none' );\">Hemmersdorf<\/a><\/span> im malerischen <span id=\"wiki-tooltip-2\" data-tooltip-content=\"#wiki-tooltip-box-2\" data-wiki_num=\"2\" data-wiki_id=\"403270\" data-wiki_title=\"Nied (Fluss)\" data-wiki_section=\"\" data-wiki_base_url=\"https:\/\/de.wikipedia.org\/w\/api.php\" data-wiki_url=\"https:\/\/de.wikipedia.org\/wiki\/Nied_(Fluss)\" data-wiki_thumbnail=\"default\" data-wiki_nonce=\"8e0b199c9b\"><a class=\"wiki-tooltip\" href=\"https:\/\/de.wikipedia.org\/wiki\/Nied_(Fluss)\" target=\"_blank\" rel=\"noopener noreferrer\" onclick=\"return isClickEnabled( 'hover', 'none' );\">Niedtal<\/a><\/span>, direkt an der franz\u00f6sischen Grenze. Mit meinen Bildern m\u00f6chte ich zeigen, wie unser Ort aussieht \u2013 vielleicht interessiert es auch andere, statt dass alles in einer Kiste verschwindet.<\/span><\/p>\r\n<hr \/>\r\n<h3 class=\"western\"><span style=\"font-family: georgia, palatino, serif;\"><strong>Rund ums Radio<\/strong><\/span><\/h3>\r\n<p style=\"text-align: justify;\"><span style=\"font-family: georgia, palatino, serif;\">Schon als Kind habe ich meine Freude am Radio entdeckt und erste Empf\u00e4nger gebaut. F\u00fcr mich bleibt klassischer Radioempfang \u2013 mit all seinen kleinen St\u00f6rungen \u2013 ein echtes Erlebnis, anders als perfekt gegl\u00e4ttetes Streaming. Es gibt Bauanleitungen f\u00fcr einfache R\u00f6hrenempf\u00e4nger (0-V-1 und 0-V-2), die mit wenigen Bauteilen gelingen. Mit Prognosetools k\u00f6nnen Sie die aktuellen Ausbreitungsbedingungen f\u00fcr Kurzwelle und UKW pr\u00fcfen oder St\u00f6rungen und Meteorscatter beobachten. Weiterf\u00fchrende Links helfen dabei, Sender zu suchen oder unbekannte Stationen zu identifizieren \u2013 praktisch ist zum Beispiel der WebSDR der Uni Twente, wenn mal kein eigenes Radio zur Hand ist. Ein kleiner \u00dcberblick \u00fcber Empfangsger\u00e4te, die ich in Gebrauch hatte, ist ebenfalls dabei.<\/span><\/p>\r\n<hr \/>\r\n<h3 class=\"western\"><span style=\"font-family: georgia, palatino, serif;\"><strong>Glossar f\u00fcr Radiofans<\/strong><\/span><\/h3>\r\n<p style=\"text-align: justify;\"><span style=\"font-family: georgia, palatino, serif;\">Viele Begriffe aus der Radiotechnik sind erkl\u00e4rungsbed\u00fcrftig. Daher gibt es ein Glossar mit Erkl\u00e4rungen, Abk\u00fcrzungen und kleinen Tabellen.<\/span><\/p>\r\n<hr \/>\r\n<p class=\"western\"><span style=\"font-family: georgia, palatino, serif;\"><strong>Hinweis zu Links und Begriffs-Erkl\u00e4rungen<\/strong><\/span><\/p>\r\n<p style=\"text-align: justify;\"><span style=\"font-family: georgia, palatino, serif;\">Einige Begriffe im Text sind mit der <span id=\"wiki-tooltip-3\" data-tooltip-content=\"#wiki-tooltip-box-3\" data-wiki_num=\"3\" data-wiki_id=\"843020\" data-wiki_title=\"Wikipedia\" data-wiki_section=\"\" data-wiki_base_url=\"https:\/\/de.wikipedia.org\/w\/api.php\" data-wiki_url=\"https:\/\/de.wikipedia.org\/wiki\/Wikipedia\" data-wiki_thumbnail=\"default\" data-wiki_nonce=\"99a14f53df\"><a class=\"wiki-tooltip\" href=\"https:\/\/de.wikipedia.org\/wiki\/Wikipedia\" target=\"_blank\" rel=\"noopener noreferrer\" onclick=\"return isClickEnabled( 'hover', 'none' );\">Wikipedia<\/a><\/span> verlinkt. Mit einem Klick oder Tippen \u00f6ffnet sich eine Kurzinfo \u2013 und bei Bedarf gelangen Sie mit einem weiteren Klick direkt zum vollst\u00e4ndigen Artikel. Probieren Sie es einfach aus!<\/span><\/p>\r\n<p><span style=\"font-family: arial, helvetica, sans-serif;\"><\/span><\/p>\r\n","protected":false},"excerpt":{"rendered":"<p>Willkommen! Sch\u00f6n, dass Sie auf meiner Seite gelandet sind. Hier dreht sich alles um zwei gro\u00dfe Leidenschaften: das Fotografieren rund um meinen Heimatort Hemmersdorf und das Radiohobby. &nbsp; Die wichtigsten Bereiche im \u00dcberblick: Fotoalben aus Hemmersdorf Entdecken Sie Fotoalben aus meinem Heimatort im malerischen , direkt an der franz\u00f6sischen Grenze. Mit meinen Bildern m\u00f6chte ich [&hellip;]<\/p>\n","protected":false},"author":1,"featured_media":0,"parent":0,"menu_order":1,"comment_status":"closed","ping_status":"closed","template":"","meta":{"footnotes":""},"class_list":["post-21","page","type-page","status-publish","hentry","entry"],"_links":{"self":[{"href":"https:\/\/niedtal.de\/wp\/wp-json\/wp\/v2\/pages\/21","targetHints":{"allow":["GET"]}}],"collection":[{"href":"https:\/\/niedtal.de\/wp\/wp-json\/wp\/v2\/pages"}],"about":[{"href":"https:\/\/niedtal.de\/wp\/wp-json\/wp\/v2\/types\/page"}],"author":[{"embeddable":true,"href":"https:\/\/niedtal.de\/wp\/wp-json\/wp\/v2\/users\/1"}],"replies":[{"embeddable":true,"href":"https:\/\/niedtal.de\/wp\/wp-json\/wp\/v2\/comments?post=21"}],"version-history":[{"count":0,"href":"https:\/\/niedtal.de\/wp\/wp-json\/wp\/v2\/pages\/21\/revisions"}],"wp:attachment":[{"href":"https:\/\/niedtal.de\/wp\/wp-json\/wp\/v2\/media?parent=21"}],"curies":[{"name":"wp","href":"https:\/\/api.w.org\/{rel}","templated":true}]}}